{"id":8111,"date":"2024-02-01T17:21:08","date_gmt":"2024-02-01T16:21:08","guid":{"rendered":"https:\/\/stena-projects.eu\/?page_id=8111"},"modified":"2024-04-05T10:56:29","modified_gmt":"2024-04-05T08:56:29","slug":"cookie-hinweis","status":"publish","type":"page","link":"https:\/\/stena-projects.eu\/de\/cookie-hinweis\/","title":{"rendered":"Cookie-Hinweis"},"content":{"rendered":"[vc_row type=&#8220;full_width_content&#8220; full_screen_row_position=&#8220;middle&#8220; column_margin=&#8220;default&#8220; vertically_center_columns=&#8220;true&#8220; column_direction=&#8220;default&#8220; column_direction_tablet=&#8220;default&#8220; column_direction_phone=&#8220;default&#8220; scene_position=&#8220;center&#8220; top_padding=&#8220;2%&#8220; bottom_padding=&#8220;1%&#8220; text_color=&#8220;dark&#8220; text_align=&#8220;center&#8220; row_border_radius=&#8220;5px&#8220; row_border_radius_applies=&#8220;both&#8220; overflow=&#8220;visible&#8220; class=&#8220;ds-problematike-border&#8220; overlay_strength=&#8220;0.3&#8243; gradient_direction=&#8220;left_to_right&#8220; shape_divider_position=&#8220;bottom&#8220; bg_image_animation=&#8220;none&#8220; gradient_type=&#8220;default&#8220; shape_type=&#8220;&#8220;][vc_column column_padding=&#8220;padding-10-percent&#8220; column_padding_tablet=&#8220;inherit&#8220; column_padding_phone=&#8220;inherit&#8220; column_padding_position=&#8220;left-right&#8220; column_element_direction_desktop=&#8220;default&#8220; column_element_spacing=&#8220;20px&#8220; centered_text=&#8220;true&#8220; desktop_text_alignment=&#8220;center&#8220; tablet_text_alignment=&#8220;default&#8220; phone_text_alignment=&#8220;default&#8220; background_color_opacity=&#8220;1&#8243; background_hover_color_opacity=&#8220;1&#8243; column_backdrop_filter=&#8220;none&#8220; column_shadow=&#8220;none&#8220; column_border_radius=&#8220;none&#8220; column_link_target=&#8220;_self&#8220; column_position=&#8220;default&#8220; gradient_direction=&#8220;left_to_right&#8220; overlay_strength=&#8220;0.3&#8243; width=&#8220;1\/1&#8243; tablet_width_inherit=&#8220;default&#8220; animation_type=&#8220;default&#8220; bg_image_animation=&#8220;none&#8220; border_type=&#8220;simple&#8220; column_border_width=&#8220;none&#8220; column_border_style=&#8220;solid&#8220; column_padding_type=&#8220;default&#8220; gradient_type=&#8220;default&#8220;][vc_custom_heading text=&#8220;Cookie-Hinweis&#8220; font_container=&#8220;tag:h3|text_align:center|color:%23000000&#8243; use_theme_fonts=&#8220;yes&#8220; css=&#8220;.vc_custom_1712307240232{padding-top: 15px !important;padding-bottom: 15px !important;}&#8220;][\/vc_column][\/vc_row][vc_row type=&#8220;in_container&#8220; full_screen_row_position=&#8220;middle&#8220; column_margin=&#8220;default&#8220; column_direction=&#8220;default&#8220; column_direction_tablet=&#8220;default&#8220; column_direction_phone=&#8220;default&#8220; scene_position=&#8220;center&#8220; bottom_padding=&#8220;3%&#8220; text_color=&#8220;dark&#8220; text_align=&#8220;left&#8220; row_border_radius=&#8220;none&#8220; row_border_radius_applies=&#8220;bg&#8220; overflow=&#8220;visible&#8220; overlay_strength=&#8220;0.3&#8243; gradient_direction=&#8220;left_to_right&#8220; shape_divider_position=&#8220;bottom&#8220; bg_image_animation=&#8220;none&#8220; gradient_type=&#8220;default&#8220; shape_type=&#8220;&#8220;][vc_column column_padding=&#8220;no-extra-padding&#8220; column_padding_tablet=&#8220;inherit&#8220; column_padding_phone=&#8220;inherit&#8220; column_padding_position=&#8220;all&#8220; column_element_direction_desktop=&#8220;default&#8220; column_element_spacing=&#8220;default&#8220; desktop_text_alignment=&#8220;default&#8220; tablet_text_alignment=&#8220;default&#8220; phone_text_alignment=&#8220;default&#8220; background_color_opacity=&#8220;1&#8243; background_hover_color_opacity=&#8220;1&#8243; column_backdrop_filter=&#8220;none&#8220; column_shadow=&#8220;none&#8220; column_border_radius=&#8220;none&#8220; column_link_target=&#8220;_self&#8220; column_position=&#8220;default&#8220; gradient_direction=&#8220;left_to_right&#8220; overlay_strength=&#8220;0.3&#8243; width=&#8220;1\/1&#8243; tablet_width_inherit=&#8220;default&#8220; animation_type=&#8220;default&#8220; bg_image_animation=&#8220;none&#8220; border_type=&#8220;simple&#8220; column_border_width=&#8220;none&#8220; column_border_style=&#8220;solid&#8220;][vc_column_text text_direction=&#8220;default&#8220;]\n<p class=\"p3\"><b>1. Was ist ein Cookie?<\/b><\/p>\n<p class=\"p4\">Ein Cookie ist eine Information in Form einer einfachen Textdatei, die von der Website, die Sie besuchen, auf Ihrem Computer gespeichert wird. Cookies speichern in der Regel Ihre Einstellungen, Webseiteneinstellungen, wie zum Beispiel die bevorzugte Sprache oder Adresse. Wenn Sie dieselbe Website erneut besuchen, sendet der Internetbrowser die zu dieser Seite geh\u00f6renden Cookies zur\u00fcck. Dies erm\u00f6glicht der Website, Informationen an Ihre Bed\u00fcrfnisse angepasst anzuzeigen.<\/p>\n<p class=\"p4\">Es gibt verschiedene Arten von Cookies. In manchen F\u00e4llen werden Cookies automatisch gel\u00f6scht, wenn der Benutzer seinen Browser schlie\u00dft, in anderen F\u00e4llen werden Cookies l\u00e4nger gespeichert und k\u00f6nnen bei einer sp\u00e4teren Nutzung des Dienstes verwendet werden.<\/p>\n<p class=\"p4\">Es ist wichtig zu wissen: Eine Website kann keinen Zugriff auf Daten erhalten, zu denen Sie keinen Zugriff gew\u00e4hrt haben und kann auf keine anderen Dateien auf Ihrem Computer zugreifen.<\/p>\n<p class=\"p4\">Dennoch, wenn Sie nicht m\u00f6chten, dass die Website irgendwelche Daten \u00fcber Ihr Surfverhalten innerhalb der Domain speichert, k\u00f6nnen Sie jederzeit die Einstellungen Ihres Webbrowsers \u00e4ndern.<\/p>\n<p class=\"p3\"><b>2. Warum Cookies?<\/b><\/p>\n<p class=\"p4\">Um bessere Dienste beim Besuch von Websites zu bieten, verwenden die meisten Seiten Cookies. Dies sind n\u00fctzliche Techniken zur Sammlung und Nutzung von Informationen. Daher sind Websites einfacher zu verwenden. Cookies k\u00f6nnen von den Website-Betreibern oder Dritten \u2013 z.B. Werbetreibenden \u2013 verwendet werden, die \u00fcber die Website, die Sie besuchen, kommunizieren. Cookies stellen sicher, dass Sie sich auf einer Website anmelden k\u00f6nnen oder dass Ihre Einstellungen, wie Standort- und Spracheinstellungen, gespeichert werden. Sie verfolgen auch Ihren digitalen Einkaufswagen, wenn Sie online einkaufen.<\/p>\n<p class=\"p4\">Au\u00dferdem k\u00f6nnen Website-Betreiber durch Cookies sehen, wie oft ihre Besucher die Websites besuchen und welche Seiten betrachtet werden. Dar\u00fcber hinaus k\u00f6nnen einige Cookies Ihr Surfverhalten verfolgen. Dadurch k\u00f6nnen Websites und Werbetreibende mehr \u00fcber Ihre Interessen erfahren, um relevantere Anzeigen anzeigen zu k\u00f6nnen. Anzeigen helfen uns, unsere Websites zu finanzieren und zu pflegen. Dank Cookies sind Anzeigen so weit wie m\u00f6glich an Ihre Affinit\u00e4ten und Interessen angepasst.<\/p>\n<p class=\"p4\">Cookies werden auf Ihrem Computer gespeichert und Sie k\u00f6nnen sie jederzeit l\u00f6schen.<\/p>\n<p class=\"p4\">Verwenden Sie die Hilfefunktion in Ihrem Browser, um Cookies von Ihrem Computer zu l\u00f6schen. Beachten Sie, dass Sie nach dem L\u00f6schen von Cookies auf einigen Websites m\u00f6glicherweise Ihre Einstellungen erneut vornehmen oder sich erneut anmelden m\u00fcssen, und es ist m\u00f6glich, dass die Funktionalit\u00e4t einiger Seiten reduziert wird oder vollst\u00e4ndig aufh\u00f6rt.<\/p>\n<p class=\"p4\">Es ist wichtig zu wissen: Die Verwendung von Cookies ist sicher. E-Mail- und Telemarketing-Kampagnen sind nicht das Ergebnis von Cookies. Cookies speichern weder Ihre E-Mail-Adresse noch Ihre Telefonnummer und erstellen kein Profil, das einen Benutzer \u00fcber Cookies verfolgen kann. Unten finden Sie weitere Informationen \u00fcber Cookies, die von diesen Websites verwendet werden.<\/p>\n<p class=\"p3\"><b>3. Weitere Informationen \u00fcber bestimmte Arten von Cookies<\/b><\/p>\n<p class=\"p4\"><b>Statistische Cookies \u2013 Cookies, mit denen wir die Nutzung der Website messen k\u00f6nnen<\/b><\/p>\n<p class=\"p4\">Um herauszufinden, welche Teile der Website f\u00fcr unsere Besucher am interessantesten sind, versuchen wir kontinuierlich, mit Hilfe von Software Dritter zu messen, wie viele Besucher auf unsere Website kommen und was sie am meisten verfolgen. Daf\u00fcr verwenden wir Cookies.<\/p>\n<p class=\"p4\">Die Statistiken werden aus den gesammelten Daten generiert. Diese Statistiken geben uns Einblick in die H\u00e4ufigkeit der Besuche unserer Website, wo genau die Besucher die meiste Zeit verbringen. Dies erm\u00f6glicht es uns, die Struktur, Navigation und den Inhalt der Website so interessant und einfach wie m\u00f6glich zu gestalten.<\/p>\n<p class=\"p4\">Wir verwenden Cookies, um:<\/p>\n<ul class=\"ul1\">\n<li class=\"li4\">die Anzahl der Besucher auf unseren Websites zu verfolgen<\/li>\n<li class=\"li4\">die Zeit zu verfolgen, die jeder Besucher auf unseren Seiten verbringt<\/li>\n<li class=\"li4\">zu beurteilen, welche Teile unserer Seite angepasst werden m\u00fcssen<\/li>\n<li class=\"li4\">die Website zu optimieren<\/li>\n<\/ul>\n<p class=\"p4\"><b>Google Analytics<\/b><\/p>\n<p class=\"p6\"><span class=\"s2\">https:\/\/www.google.com\/analytics\/terms\/us.html<\/span><\/p>\n<p class=\"p6\"><span class=\"s2\">https:\/\/developers.google.com\/analytics\/devguides\/collection\/analyticsjs\/cookie-usage<\/span><\/p>\n<p class=\"p3\"><b>Werbe-Partner-Cookies:<\/b><\/p>\n<ul class=\"ul1\">\n<li class=\"li4\"><b>Google Ads<\/b>: Wir werden sie verwenden, um relevante Anzeigen zu zeigen, basierend auf fr\u00fcheren Besuchen im Web. <span class=\"s4\">https:\/\/policies.google.com\/technologies\/ads<\/span><\/li>\n<\/ul>\n<ul class=\"ul1\">\n<li class=\"li4\"><b>LinkedIn Ads: <\/b>Wir werden sie verwenden, um relevante Anzeigen zu zeigen, basierend auf fr\u00fcheren Besuchen im Web<span class=\"s5\">.<\/span> <span class=\"s4\">https:\/\/www.linkedin.com\/legal\/ads-policy<\/span><\/li>\n<\/ul>\n<p class=\"p3\"><b>4. Browsereinstellungen<\/b><\/p>\n<p class=\"p4\">Wenn Sie nicht m\u00f6chten, dass Websites Cookies auf Ihrem Computer speichern, k\u00f6nnen Sie Ihre Browsereinstellungen so anpassen, dass Sie eine Warnung erhalten, bevor Cookies gesetzt werden. Sie k\u00f6nnen auch die Einstellungen so anpassen, dass Ihr Browser alle Cookies oder nur Cookies von Drittanbietern ablehnt und Sie k\u00f6nnen jederzeit bereits gesetzte Cookies l\u00f6schen. Beachten Sie, dass Sie die Einstellungen f\u00fcr jeden Browser und Computer, den Sie verwenden, separat anpassen m\u00fcssen.<\/p>\n<p class=\"p4\">Bitte beachten Sie, dass wir, wenn Sie Cookies deaktivieren, nicht garantieren k\u00f6nnen, dass unsere Website richtig funktioniert. Es ist m\u00f6glich, dass einige Funktionen der Website verloren gehen oder dass Sie bestimmte Websites \u00fcberhaupt nicht sehen k\u00f6nnen. Dar\u00fcber hinaus bedeutet das Ablehnen von Cookies nicht, dass Sie keine Anzeigen mehr sehen werden. In diesem Fall werden die Anzeigen nicht mehr Ihren Interessen angepasst und werden h\u00e4ufiger wiederholt.<\/p>\n<p class=\"p3\"><b><\/b><b>5. Abschlie\u00dfende Bemerkungen<\/b><\/p>\n<p class=\"p4\">Es ist m\u00f6glich, dass wir diese Erkl\u00e4rungen von Zeit zu Zeit anpassen, da sich beispielsweise unsere Website oder die Cookie-Regeln \u00e4ndern. Wir k\u00f6nnen den Inhalt der Aussagen und die Listen der Drittparteien, deren Cookies auf unseren Websites verwendet werden, jederzeit ohne vorherige Ank\u00fcndigung \u00e4ndern, es sei denn, eine solche \u00c4nderung betrifft eines Ihrer Rechte, in welchem Fall wir Sie rechtzeitig informieren werden. Sie k\u00f6nnen diese Webseite jederzeit besuchen, um die neueste Version zu sehen.<\/p>\n<p class=\"p4\">Wenn Sie Fragen und\/oder Kommentare haben, kontaktieren Sie uns bitte unter:<br \/>\ninfo@stena-projects.eu<\/p>\n[\/vc_column_text][\/vc_column][\/vc_row]\n","protected":false},"excerpt":{"rendered":"<p>[vc_row type=&#8220;full_width_content&#8220; full_screen_row_position=&#8220;middle&#8220; column_margin=&#8220;default&#8220; vertically_center_columns=&#8220;true&#8220; column_direction=&#8220;default&#8220; column_direction_tablet=&#8220;default&#8220; column_direction_phone=&#8220;default&#8220; scene_position=&#8220;center&#8220; top_padding=&#8220;2%&#8220; bottom_padding=&#8220;1%&#8220; text_color=&#8220;dark&#8220; text_align=&#8220;center&#8220; row_border_radius=&#8220;5px&#8220; row_border_radius_applies=&#8220;both&#8220;&#8230;<\/p>\n","protected":false},"author":1,"featured_media":8091,"parent":0,"menu_order":18,"comment_status":"closed","ping_status":"open","template":"","meta":{"footnotes":""},"class_list":["post-8111","page","type-page","status-publish","has-post-thumbnail"],"aioseo_notices":[],"_links":{"self":[{"href":"https:\/\/stena-projects.eu\/de\/wp-json\/wp\/v2\/pages\/8111","targetHints":{"allow":["GET"]}}],"collection":[{"href":"https:\/\/stena-projects.eu\/de\/wp-json\/wp\/v2\/pages"}],"about":[{"href":"https:\/\/stena-projects.eu\/de\/wp-json\/wp\/v2\/types\/page"}],"author":[{"embeddable":true,"href":"https:\/\/stena-projects.eu\/de\/wp-json\/wp\/v2\/users\/1"}],"replies":[{"embeddable":true,"href":"https:\/\/stena-projects.eu\/de\/wp-json\/wp\/v2\/comments?post=8111"}],"version-history":[{"count":1,"href":"https:\/\/stena-projects.eu\/de\/wp-json\/wp\/v2\/pages\/8111\/revisions"}],"predecessor-version":[{"id":8112,"href":"https:\/\/stena-projects.eu\/de\/wp-json\/wp\/v2\/pages\/8111\/revisions\/8112"}],"wp:featuredmedia":[{"embeddable":true,"href":"https:\/\/stena-projects.eu\/de\/wp-json\/wp\/v2\/media\/8091"}],"wp:attachment":[{"href":"https:\/\/stena-projects.eu\/de\/wp-json\/wp\/v2\/media?parent=8111"}],"curies":[{"name":"wp","href":"https:\/\/api.w.org\/{rel}","templated":true}]}}